{"id":14088,"date":"2022-11-01T12:35:26","date_gmt":"2022-11-01T11:35:26","guid":{"rendered":"https:\/\/www.brennholz-dorbath.de\/WP2022\/?page_id=14088"},"modified":"2022-11-01T12:38:32","modified_gmt":"2022-11-01T11:38:32","slug":"allgemeine-geschaeftsbedingungen","status":"publish","type":"page","link":"https:\/\/www.brennholz-dorbath.de\/WP2022\/allgemeine-geschaeftsbedingungen\/","title":{"rendered":"Allgemeine Gesch\u00e4ftsbedingungen"},"content":{"rendered":"<div class=\"wpb-content-wrapper\"><p>[vc_row][vc_column][vc_column_text]<\/p>\n<div class=\"grid_3\">\n<div id=\"button\"><\/div>\n<\/div>\n<div class=\"grid_9\">\n<h1 style=\"text-align: left;\" align=\"center\"><strong>Allgemeine Gesch\u00e4ftsbedingungen Fa. Brennholz Dorbath GbR<\/strong><\/h1>\n<p align=\"center\"><strong>\u00a0<\/strong><\/p>\n<p><strong>1. Allgemein<\/strong><\/p>\n<p class=\"Textbody\">Unsere Lieferungen, Angebote, und sonstigen Leistungen erfolgen aufgrund dieser Gesch\u00e4ftsbedingungen. Eigenen Bedingungen des K\u00e4ufers widersprechen wir hiermit auch f\u00fcr zuk\u00fcnftige Gesch\u00e4fte. Der Verk\u00e4ufer ist dem K\u00e4ufer nach der gesetzlichen Regelung des Leistungsst\u00f6rungsrechts innerhalb der gesetzlichen Fristen verpflichtet, soweit sich durch nachstehende Regelungen keine Abweichungen ergeben.\u00a0 Entsprechendes gilt f\u00fcr m\u00fcndliche Nebenabsprachen oder Erg\u00e4nzungsvereinbarungen.\u00a0\u00a0 Erf\u00fcllungs- und Leistungsort ist der Sitz des Verk\u00e4ufers.<\/p>\n<p class=\"Textbody\"><strong>2. Vertragsabschlu\u00df<\/strong><\/p>\n<p class=\"Textbody\">Unsere Angebote sind freibleibend. Der Auftrag kommt erst dann zustande wenn der Verk\u00e4ufer\u00a0 mit Ihnen einen festen Liefertermin vereinbart hat und die Lieferung somit best\u00e4tigt! Der Verkauf von Kaminholz erfolgt nach Kubikmeter, lose gesch\u00fcttet (Srm). Produktionsbedingte Abweichungen von bis zu 4 cm l\u00e4ngeren oder schnittbedingt deutlich k\u00fcrzeren St\u00fccken gelten als vereinbart. Es gelten f\u00fcr trockenes Holz die Qualit\u00e4tskriterien des Bundesverbandes Brennholzhandel u.-produktion e.V.<\/p>\n<p class=\"Textbody\"><strong>\u00a0<\/strong><\/p>\n<p class=\"Textbody\"><strong>3. Lieferung<\/strong><\/p>\n<p class=\"Textbody\">Sofern nicht anders vereinbart, erfolgt die Lieferung ab Lager an die vom Besteller angegebene Lieferadresse. Angaben \u00fcber die Lieferfrist sind unverbindlich, soweit nicht ausnahmsweise der Liefertermin verbindlich zugesagt wurde. Die gelieferte Menge kann durch den K\u00e4ufer auf dem Lieferfahrzeug nachvollzogen werden. Die Qualit\u00e4t und G\u00fcte des Brennholzes und eventuelle Fehlmengen sind vor dem Abladen zu r\u00fcgen. Die Lieferung erfolgt grunds\u00e4tzlich bis Bordsteinkante. Sofern das Befahren des Grundst\u00fcckes m\u00f6glich ist, erfolgt dies auf die Gefahr des Kunden. F\u00fcr etwaige Sch\u00e4den kann der Verk\u00e4ufer nicht zur Haftung verpflichtet werden. Sollte aus Platzgr\u00fcnden nicht abgeladen werden k\u00f6nnen, ist der Verk\u00e4ufer berechtigt, An- und Abfahrtskosten sowie die Kosten der Be- und Entladung in H\u00f6he von 75 Euro je Std. zzgl. Mwst. geltend zu machen.\u00a0 Bei h\u00f6herer Gewalt oder Umst\u00e4nden, welche die Ausf\u00fchrung angenommener Auftr\u00e4ge unausf\u00fchrbar machen oder erschweren, sind wir berechtigt auch bei best\u00e4tigten und bereits in der Ausf\u00fchrung befindlichen Auftr\u00e4gen, unter Ausschlu\u00df jeglicher Schadensersatzanspr\u00fcche entweder vom Auftrag zur\u00fcckzutreten oder den Auftragsumfang herabzusetzen oder den Auftrag entsprechend sp\u00e4ter zu erledigen. Eine vereinbarte Frist verl\u00e4ngert sich um die Dauer der Verz\u00f6gerung.<\/p>\n<p class=\"Textbody\"><strong>4. Verg\u00fctung<\/strong><\/p>\n<p class=\"Textbody\">Der Kaufpreis ist bar bei Lieferung oder per Vorauskasse zu zahlen. Der angebotene Kaufpreis ist bindend. Im Kaufpreis ist die gesetzliche Umsatzsteuer enthalten. Bei Bestellung versteht sich der Kaufpreis zuz\u00fcglich Lieferkosten, falls nicht anders angegeben.<\/p>\n<p class=\"Textbody\"><strong>\u00a0<\/strong><\/p>\n<p class=\"Textbody\"><strong>5. Eigentumsvorbehalt<\/strong><\/p>\n<p class=\"Textbody\">Wir behalten uns das Eigentum an der Ware bis zur vollst\u00e4ndigen Zahlung des Kaufpreises vor. Der Verk\u00e4ufer ist berechtigt, von dem Vertrag zur\u00fcckzutreten oder Schadenersatz zu verlangen, wenn der K\u00e4ufer die Abnahme der Waren endg\u00fcltig verweigert hat oder nach vorheriger nochmaliger angemessener Fristsetzung die Ware nicht abgenommen hat. Der Verk\u00e4ufer ist in diesem Falle berechtigt, Schadensersatz in H\u00f6he von 25 % des Verkaufspreises zu verlangen. Der Nachweis eines geringeren Schadens obliegt dem K\u00e4ufer. Einen h\u00f6heren Schaden hat der Verk\u00e4ufer nachzuweisen.<\/p>\n<p class=\"Textbody\"><strong>\u00a0<\/strong><\/p>\n<p class=\"Textbody\"><strong>6. Gew\u00e4hrleistung<\/strong><\/p>\n<p class=\"Textbody\">Ist der K\u00e4ufer Unternehmer, leisten wir f\u00fcr M\u00e4ngel der Ware zun\u00e4chst nach unserer Wahl Gew\u00e4hr durch Nachbesserung oder Ersatzlieferung.<br \/>\nIst der K\u00e4ufer Verbraucher, so hat er zun\u00e4chst die Wahl, ob die Nacherf\u00fcllung durch Nachbesserung oder Ersatzlieferung erfolgen soll. Wir sind jedoch berechtigt, die Art der gew\u00e4hlten Nacherf\u00fcllung zu verweigern, wenn sie nur mit unverh\u00e4ltnism\u00e4\u00dfigen Kosten m\u00f6glich ist und die andere Art der Nacherf\u00fcllung ohne erhebliche Nachteile f\u00fcr den Verbraucher bleibt. Schl\u00e4gt die Nacherf\u00fcllung fehl, kann der Kunde grunds\u00e4tzlich nach seiner Wahl Herabsetzung der Verg\u00fctung (Minderung) oder R\u00fcckg\u00e4ngigmachung des Vertrages (R\u00fccktritt) verlangen. Bei einer nur geringf\u00fcgigen Vertragswidrigkeit, insbesondere bei nur geringf\u00fcgigen M\u00e4ngeln, steht dem Kunden jedoch kein R\u00fccktrittsrecht zu.<\/p>\n<p class=\"Textbody\"><strong>7. Schlussbestimmungen<\/strong><\/p>\n<p class=\"Textbody\">Der Besteller best\u00e4tigt mit seiner Bestellung die Kenntnisnahme der unter &#8222;Privatsph\u00e4re und Datenschutz&#8220; aufgef\u00fchrten Informationen und stimmt der Erhebung, Verarbeitung und Nutzung der f\u00fcr die Bestellung erforderlichen personenbezogenen Daten zu.<\/p>\n<p class=\"Textbody\">Als Grundlage der gesamten Gesch\u00e4ftsbeziehung gilt ausschlie\u00dflich deutsches Recht. UN-Kaufrecht ist ausdr\u00fccklich ausgeschlossen.<\/p>\n<p class=\"Textbody\">Salvatorische Klausel: Soweit Bedingungen der oben aufgef\u00fchrten Allgemeinen Gesch\u00e4ftsbedingungen ganz oder teilweise unwirksam sind oder werden, sind die \u00fcbrigen Bedingungen weiterhin wirksam. Die unwirksame Bedingung wird durch die gesetzliche Regelung ersetzt. Haben Sie Fragen zu den allgemeinen Gesch\u00e4ftsbedingungen neben Sie bitte Kontakt mit uns auf.<\/p>\n<p class=\"Textbody\"><strong>8. Gerichtsstand<\/strong><\/p>\n<p class=\"Textbody\">Gerichtsstand in allen rechtlichen Belangen ist der Sitz des Verk\u00e4ufers. Sollte eine Bestimmung dieser Allgemeinen Verkaufs- und Lieferbedingungen nichtig sein oder werden, so bleiben die \u00fcbrigen Bestimmungen g\u00fcltig.<\/p>\n<p class=\"Textbody\"><strong>\u00a0<\/strong><\/p>\n<p class=\"Textbody\">\n<\/div>\n<p>[\/vc_column_text][\/vc_column][\/vc_row][vc_row][vc_column][vc_column_text]<\/p>\n<h2><a href=\"https:\/\/www.brennholz-dorbath.de\/WP2022\/wp-content\/uploads\/2022\/11\/AGB.pdf\" target=\"_blank\" rel=\"noopener\"><strong>\u00a0AGB als PDF:\u00a0<\/strong><i class=\"fa fa-file-pdf-o\" aria-hidden=\"true\"><\/i><\/a><\/h2>\n<p>[\/vc_column_text][\/vc_column][\/vc_row]<\/p>\n<\/div>","protected":false},"excerpt":{"rendered":"<p>[vc_row][vc_column][vc_column_text] Allgemeine Gesch\u00e4ftsbedingungen Fa. Brennholz Dorbath GbR \u00a0 1. Allgemein Unsere Lieferungen, Angebote, und sonstigen Leistungen erfolgen aufgrund dieser Gesch\u00e4ftsbedingungen. Eigenen Bedingungen des K\u00e4ufers widersprechen wir hiermit auch f\u00fcr zuk\u00fcnftige Gesch\u00e4fte. Der Verk\u00e4ufer ist dem K\u00e4ufer nach der gesetzlichen Regelung des Leistungsst\u00f6rungsrechts innerhalb der gesetzlichen Fristen verpflichtet, soweit sich durch nachstehende Regelungen keine Abweichungen ergeben.\u00a0 [&hellip;]<\/p>\n","protected":false},"author":1,"featured_media":0,"parent":0,"menu_order":0,"comment_status":"closed","ping_status":"closed","template":"","meta":{"footnotes":""},"class_list":["post-14088","page","type-page","status-publish","hentry"],"_links":{"self":[{"href":"https:\/\/www.brennholz-dorbath.de\/WP2022\/wp-json\/wp\/v2\/pages\/14088","targetHints":{"allow":["GET"]}}],"collection":[{"href":"https:\/\/www.brennholz-dorbath.de\/WP2022\/wp-json\/wp\/v2\/pages"}],"about":[{"href":"https:\/\/www.brennholz-dorbath.de\/WP2022\/wp-json\/wp\/v2\/types\/page"}],"author":[{"embeddable":true,"href":"https:\/\/www.brennholz-dorbath.de\/WP2022\/wp-json\/wp\/v2\/users\/1"}],"replies":[{"embeddable":true,"href":"https:\/\/www.brennholz-dorbath.de\/WP2022\/wp-json\/wp\/v2\/comments?post=14088"}],"version-history":[{"count":4,"href":"https:\/\/www.brennholz-dorbath.de\/WP2022\/wp-json\/wp\/v2\/pages\/14088\/revisions"}],"predecessor-version":[{"id":14093,"href":"https:\/\/www.brennholz-dorbath.de\/WP2022\/wp-json\/wp\/v2\/pages\/14088\/revisions\/14093"}],"wp:attachment":[{"href":"https:\/\/www.brennholz-dorbath.de\/WP2022\/wp-json\/wp\/v2\/media?parent=14088"}],"curies":[{"name":"wp","href":"https:\/\/api.w.org\/{rel}","templated":true}]}}