{"id":13994,"date":"2022-11-01T08:46:22","date_gmt":"2022-11-01T07:46:22","guid":{"rendered":"https:\/\/www.brennholz-dorbath.de\/WP2022\/?page_id=13994"},"modified":"2022-11-01T08:46:22","modified_gmt":"2022-11-01T07:46:22","slug":"heizwert-und-wassergehalt","status":"publish","type":"page","link":"https:\/\/www.brennholz-dorbath.de\/WP2022\/informationen\/heizwert-und-wassergehalt\/","title":{"rendered":"Heizwert und Wassergehalt"},"content":{"rendered":"<div class=\"wpb-content-wrapper\"><p>[vc_row][vc_column][vc_column_text]Der Heizwert von Holz ist vom Wassergehalt abh\u00e4ngig.<\/p>\n<p>Durchschnittliche Wassergehalte und Heizwerte von Nadelholz:W\u00e4rme umsetzen[\/vc_column_text][vc_column_text]<\/p>\n<table border=\"0\">\n<tbody>\n<tr>\n<td><strong>Zustand des Holzes<\/strong><\/td>\n<td><strong>Wassergehalt\u00a0<\/strong><br \/>\nin %<\/td>\n<td><strong>Heizwert<br \/>\n<\/strong>in kWh\/kg\u00a0 (10 kWh = 1 l \u00d6l)<strong><br \/>\n<\/strong><\/td>\n<\/tr>\n<tr>\n<td>Lufttrocken, \u00fcber mehrere Jahre gelagert<\/td>\n<td>20<\/td>\n<td>4,3<\/td>\n<\/tr>\n<tr>\n<td>Waldtrocken, \u00fcber 1 Sommer gelagert<\/td>\n<td>30<\/td>\n<td>3,4<\/td>\n<\/tr>\n<tr>\n<td>Erntefrisch<\/td>\n<td>40 &#8211; 60<\/td>\n<td>2,8 &#8211; 1,6<\/td>\n<\/tr>\n<\/tbody>\n<\/table>\n<p>[\/vc_column_text][vc_column_text]Zur Verbrennung mu\u00df der Wassergehalt kleiner als 30% sein!<\/p>\n<p>Nur spezielle Hackgutfeuerungen k\u00f6nnen Holz mit h\u00f6herem Feuchtgehalt schadstoffarm in W\u00e4rme umsetzen[\/vc_column_text][\/vc_column][\/vc_row]<\/p>\n<\/div>","protected":false},"excerpt":{"rendered":"<p>[vc_row][vc_column][vc_column_text]Der Heizwert von Holz ist vom Wassergehalt abh\u00e4ngig. Durchschnittliche Wassergehalte und Heizwerte von Nadelholz:W\u00e4rme umsetzen[\/vc_column_text][vc_column_text] Zustand des Holzes Wassergehalt\u00a0 in % Heizwert in kWh\/kg\u00a0 (10 kWh = 1 l \u00d6l) Lufttrocken, \u00fcber mehrere Jahre gelagert 20 4,3 Waldtrocken, \u00fcber 1 Sommer gelagert 30 3,4 Erntefrisch 40 &#8211; 60 2,8 &#8211; 1,6 [\/vc_column_text][vc_column_text]Zur Verbrennung mu\u00df der [&hellip;]<\/p>\n","protected":false},"author":1,"featured_media":0,"parent":13985,"menu_order":0,"comment_status":"closed","ping_status":"closed","template":"","meta":{"footnotes":""},"class_list":["post-13994","page","type-page","status-publish","hentry"],"_links":{"self":[{"href":"https:\/\/www.brennholz-dorbath.de\/WP2022\/wp-json\/wp\/v2\/pages\/13994","targetHints":{"allow":["GET"]}}],"collection":[{"href":"https:\/\/www.brennholz-dorbath.de\/WP2022\/wp-json\/wp\/v2\/pages"}],"about":[{"href":"https:\/\/www.brennholz-dorbath.de\/WP2022\/wp-json\/wp\/v2\/types\/page"}],"author":[{"embeddable":true,"href":"https:\/\/www.brennholz-dorbath.de\/WP2022\/wp-json\/wp\/v2\/users\/1"}],"replies":[{"embeddable":true,"href":"https:\/\/www.brennholz-dorbath.de\/WP2022\/wp-json\/wp\/v2\/comments?post=13994"}],"version-history":[{"count":1,"href":"https:\/\/www.brennholz-dorbath.de\/WP2022\/wp-json\/wp\/v2\/pages\/13994\/revisions"}],"predecessor-version":[{"id":13995,"href":"https:\/\/www.brennholz-dorbath.de\/WP2022\/wp-json\/wp\/v2\/pages\/13994\/revisions\/13995"}],"up":[{"embeddable":true,"href":"https:\/\/www.brennholz-dorbath.de\/WP2022\/wp-json\/wp\/v2\/pages\/13985"}],"wp:attachment":[{"href":"https:\/\/www.brennholz-dorbath.de\/WP2022\/wp-json\/wp\/v2\/media?parent=13994"}],"curies":[{"name":"wp","href":"https:\/\/api.w.org\/{rel}","templated":true}]}}