{"id":13974,"date":"2022-11-01T08:33:38","date_gmt":"2022-11-01T07:33:38","guid":{"rendered":"https:\/\/www.brennholz-dorbath.de\/WP2022\/?page_id=13974"},"modified":"2024-03-01T14:56:09","modified_gmt":"2024-03-01T13:56:09","slug":"ueeber-uns","status":"publish","type":"page","link":"https:\/\/www.brennholz-dorbath.de\/WP2022\/ueeber-uns\/","title":{"rendered":"\u00dcber uns"},"content":{"rendered":"<div class=\"wpb-content-wrapper\"><p>[vc_row][vc_column][vc_column_text]<\/p>\n<h1><strong>Einblick in die Geschichte des Brennholzhandels<\/strong><\/h1>\n<p>[\/vc_column_text][vc_column_text]<img loading=\"lazy\" decoding=\"async\" class=\"size-full wp-image-13977 alignright\" src=\"https:\/\/www.brennholz-dorbath.de\/WP2022\/wp-content\/uploads\/2022\/11\/1a_Guldner.jpg\" alt=\"\" width=\"250\" height=\"148\" \/>Der Familienbetrieb\u00a0<strong>\u201eBrennholzhandel Paul und Johannes Dor<\/strong><strong>bath GbR&#8220;<\/strong>\u00a0entwickelte\u00a0sich schon 1988 aus dem seit drei Generationen bestehenden \u201eForstbetrieb Dorbath\u201c und ist in Wertheim-Reicholzheim ans\u00e4ssig. Die bis 1994 betriebene Landwirtschaft wurde aufgegeben.[\/vc_column_text][vc_column_text]Die Brennholzproduktion wurde 1988 begonnen, der Verkauf erfolgt erstmals 1989 an Privatkunden.<\/p>\n<p>Um die Nachfrage an Brennholz erf\u00fcllen zu k\u00f6nnen, wurde in die Anschaffung einer vollautomatischen Spaltmaschine und in den Bau zweier Hallen investiert.[\/vc_column_text][vc_column_text]<img loading=\"lazy\" decoding=\"async\" class=\"aligncenter size-full wp-image-13979\" src=\"https:\/\/www.brennholz-dorbath.de\/WP2022\/wp-content\/uploads\/2022\/11\/2a_Halle_Bau.jpg\" alt=\"\" width=\"250\" height=\"150\" \/>[\/vc_column_text][vc_column_text]Auf dem ein Hektar gro\u00dfen Betriebsgel\u00e4nde wurden 1990 eine Halle zum Produzieren und Lagern von Brennholz errichtet. Im Jahre 1993 kam dann eine zweite hinzu, um eine weitere Lagerung und\u00a0Trocknung des produzierten Scheitholzes zu erm\u00f6glichen.<\/p>\n<p>&nbsp;<\/p>\n<p>Seit Dezember 1992 wird das Brennholz mit einem Vollautomaten der Firma Kretzer aufgearbeitet. Hierbei wird das Langholz in einem Arbeitsgang in die entsprechenden Scheitl\u00e4ngen ges\u00e4gt und gespalten. Anschlie\u00dfend wird das Holz mit\u00a0<strong>Warmluft aus einer 300 KW Hackschnitzelheizung der Firma Heizomat getrocknet<\/strong>\u00a0und sortenrein nach Holzart und Scheitl\u00e4nge in die verschiedenen Hallenfelder gelagert.[\/vc_column_text][vc_column_text]<img loading=\"lazy\" decoding=\"async\" class=\"size-full wp-image-13981 alignright\" src=\"https:\/\/www.brennholz-dorbath.de\/WP2022\/wp-content\/uploads\/2022\/11\/3a_Hallen.jpg\" alt=\"\" width=\"300\" height=\"125\" \/>Durch die Hallenlagerung von \u00fcber 4500 Sch\u00fcttraummeter brennfertigem<\/p>\n<p>Scheitholz, ist der Betrieb das ganze Jahr \u00fcber in der Lage, kurzfristig und termingerecht die Kunden zu beliefern.[\/vc_column_text][\/vc_column][\/vc_row][vc_row][vc_column][vc_empty_space][\/vc_column][\/vc_row][vc_row][vc_column][vc_column_text]Ein Teil des Brennholzes wird aber auch in Gitterboxen, Eingenetzt (Packfix) oder als Meterholz (geb\u00fcndelt in Ster) luftgetrocknet.<\/p>\n<p>Dieser Anteil wird bei sch\u00f6nem Wetter zum Nachf\u00fcllen der Hallenlager genutzt.<\/p>\n<p>In unserem modernen Brennholzbetrieb werden ca. 60 % Buche und ca. 40 % Eiche verarbeitet.<\/p>\n<p>Inzwischen ist der Kundenstamm auf \u00fcber 2500 Adressen angewachsen.[\/vc_column_text][\/vc_column][\/vc_row][vc_row][vc_column][vc_empty_space][vc_column_text]<a href=\"https:\/\/www.brennholz-dorbath.de\/WP2022\/wp-content\/uploads\/2024\/02\/Solar.jpg\" target=\"_blank\" rel=\"noopener\"><img loading=\"lazy\" decoding=\"async\" class=\"alignleft wp-image-14293\" src=\"https:\/\/www.brennholz-dorbath.de\/WP2022\/wp-content\/uploads\/2024\/02\/Solar.jpg\" alt=\"\" width=\"500\" height=\"333\" srcset=\"https:\/\/www.brennholz-dorbath.de\/WP2022\/wp-content\/uploads\/2024\/02\/Solar.jpg 810w, https:\/\/www.brennholz-dorbath.de\/WP2022\/wp-content\/uploads\/2024\/02\/Solar-300x200.jpg 300w, https:\/\/www.brennholz-dorbath.de\/WP2022\/wp-content\/uploads\/2024\/02\/Solar-768x512.jpg 768w\" sizes=\"auto, (max-width: 500px) 100vw, 500px\" \/><\/a>[\/vc_column_text][vc_column_text]Seit 2021 hat unser Familienbetrieb eine Photovoltaikanlage auf dem Dach. Mit der Photovoltaikanlage werden wir die CO\u2082 Emissionen reduzieren um noch nachhaltiger Brennholz zu produzieren.[\/vc_column_text][\/vc_column][\/vc_row]<\/p>\n<\/div>","protected":false},"excerpt":{"rendered":"<p>[vc_row][vc_column][vc_column_text] Einblick in die Geschichte des Brennholzhandels [\/vc_column_text][vc_column_text]Der Familienbetrieb\u00a0\u201eBrennholzhandel Paul und Johannes Dorbath GbR&#8220;\u00a0entwickelte\u00a0sich schon 1988 aus dem seit drei Generationen bestehenden \u201eForstbetrieb Dorbath\u201c und ist in Wertheim-Reicholzheim ans\u00e4ssig. Die bis 1994 betriebene Landwirtschaft wurde aufgegeben.[\/vc_column_text][vc_column_text]Die Brennholzproduktion wurde 1988 begonnen, der Verkauf erfolgt erstmals 1989 an Privatkunden. Um die Nachfrage an Brennholz erf\u00fcllen zu k\u00f6nnen, [&hellip;]<\/p>\n","protected":false},"author":1,"featured_media":0,"parent":0,"menu_order":0,"comment_status":"closed","ping_status":"closed","template":"","meta":{"footnotes":""},"class_list":["post-13974","page","type-page","status-publish","hentry"],"_links":{"self":[{"href":"https:\/\/www.brennholz-dorbath.de\/WP2022\/wp-json\/wp\/v2\/pages\/13974","targetHints":{"allow":["GET"]}}],"collection":[{"href":"https:\/\/www.brennholz-dorbath.de\/WP2022\/wp-json\/wp\/v2\/pages"}],"about":[{"href":"https:\/\/www.brennholz-dorbath.de\/WP2022\/wp-json\/wp\/v2\/types\/page"}],"author":[{"embeddable":true,"href":"https:\/\/www.brennholz-dorbath.de\/WP2022\/wp-json\/wp\/v2\/users\/1"}],"replies":[{"embeddable":true,"href":"https:\/\/www.brennholz-dorbath.de\/WP2022\/wp-json\/wp\/v2\/comments?post=13974"}],"version-history":[{"count":10,"href":"https:\/\/www.brennholz-dorbath.de\/WP2022\/wp-json\/wp\/v2\/pages\/13974\/revisions"}],"predecessor-version":[{"id":14315,"href":"https:\/\/www.brennholz-dorbath.de\/WP2022\/wp-json\/wp\/v2\/pages\/13974\/revisions\/14315"}],"wp:attachment":[{"href":"https:\/\/www.brennholz-dorbath.de\/WP2022\/wp-json\/wp\/v2\/media?parent=13974"}],"curies":[{"name":"wp","href":"https:\/\/api.w.org\/{rel}","templated":true}]}}