{"id":13947,"date":"2022-10-31T00:04:05","date_gmt":"2022-10-30T23:04:05","guid":{"rendered":"https:\/\/www.brennholz-dorbath.de\/WP2022\/?page_id=13947"},"modified":"2024-03-02T16:56:33","modified_gmt":"2024-03-02T15:56:33","slug":"zertifikate","status":"publish","type":"page","link":"https:\/\/www.brennholz-dorbath.de\/WP2022\/zertifikate\/","title":{"rendered":"Zertifikate"},"content":{"rendered":"<div class=\"wpb-content-wrapper\"><p>[vc_row][vc_column][vc_column_text]<\/p>\n<h1>\u00a0Kooperation Sauberes Brennholz<\/h1>\n<p>[\/vc_column_text][vc_column_text]Qualit\u00e4tszeichen f\u00fcr Betriebe, die nach den Qualit\u00e4tsrichtlinien des BuVBB produzieren.<\/p>\n<p>Das Zeichen ist urheberrechtlich streng gesch\u00fctzt![\/vc_column_text][vc_column_text]<img loading=\"lazy\" decoding=\"async\" class=\"aligncenter size-full wp-image-14230\" src=\"https:\/\/www.brennholz-dorbath.de\/WP2022\/wp-content\/uploads\/2023\/06\/BBB_Logo_KSH_HKI_rgb.gif\" alt=\"\" width=\"343\" height=\"500\" \/>[\/vc_column_text][vc_column_text][\/vc_column_text][\/vc_column][\/vc_row][vc_row][vc_column][vc_column_text]<\/p>\n<h1>Qualit\u00e4tszeichen des Bundesverbandes<\/h1>\n<p>[\/vc_column_text][vc_column_text]<img loading=\"lazy\" decoding=\"async\" class=\"aligncenter wp-image-13970 size-full\" src=\"https:\/\/www.brennholz-dorbath.de\/WP2022\/wp-content\/uploads\/2022\/11\/Qualitaetsurkunde1-e1667287764471.jpg\" alt=\"\" width=\"343\" height=\"450\" srcset=\"https:\/\/www.brennholz-dorbath.de\/WP2022\/wp-content\/uploads\/2022\/11\/Qualitaetsurkunde1-e1667287764471.jpg 343w, https:\/\/www.brennholz-dorbath.de\/WP2022\/wp-content\/uploads\/2022\/11\/Qualitaetsurkunde1-e1667287764471-229x300.jpg 229w\" sizes=\"auto, (max-width: 343px) 100vw, 343px\" \/>[\/vc_column_text][\/vc_column][\/vc_row][vc_row][vc_column][vc_column_text]<\/p>\n<h1>PEFC-Zertifikat<\/h1>\n<p>[\/vc_column_text][vc_column_text]<img loading=\"lazy\" decoding=\"async\" class=\"aligncenter size-full wp-image-13971\" src=\"https:\/\/www.brennholz-dorbath.de\/WP2022\/wp-content\/uploads\/2022\/11\/pefc92.png\" alt=\"\" width=\"133\" height=\"150\" \/>[\/vc_column_text][\/vc_column][\/vc_row][vc_row][vc_column][vc_column_text]<\/p>\n<h2>Ziele<\/h2>\n<p>Vorrangiges Ziel von PEFC ist die Dokumentation und Verbesserung der nachhaltigen Waldbewirtschaftung im Hinblick auf \u00f6konomische, \u00f6kologische sowie soziale Standards. Ferner bietet PEFC ein hervorragendes Marketinginstrument f\u00fcr den nachwachsenden Rohstoff Holz, das zur Verbesserung des Images der Forstwirtschaft und ihrer Marktpartner beitr\u00e4gt.[\/vc_column_text][\/vc_column][\/vc_row][vc_row][vc_column][vc_column_text]<\/p>\n<h2>Internationaler Rahmen<\/h2>\n<p>Der PEFC-Prozess wurde im August 1998 von skandinavischen, franz\u00f6sischen, \u00f6sterreichischen und deutschen Waldbesitzern zusammen mit Vertretern der Holzwirtschaft initiiert (Memorandum). Vorausgegangen waren intensive Diskussionen zwischen Repr\u00e4sentanten dieser L\u00e4nder. Das PEFC Council PEFCC (s. http:\/\/www.pefc.org) wurde offiziell am 30. Juni 1999 in Paris gegr\u00fcndet. PEFC bildet auf europ\u00e4ischer Ebene den Rahmen zur Anerkennung nationaler Zertifizierungssysteme und -initiativen. Das Technische Dokument sowie die Satzung des PEFCC definieren Mindestanforderungen f\u00fcr Forstzertifizierungssysteme und Standards, die auf nationaler und regionaler Ebene erf\u00fcllt werden m\u00fcssen. Holz und Holzprodukte, die den Anforderungen von PEFC gen\u00fcgen, k\u00f6nnen mit dem PEFC-G\u00fctesiegel gekennzeichnet werden, wenn ein glaubw\u00fcrdiger Produktkettennachweis (= Chain-of-Custody) sichergestellt ist.[\/vc_column_text][\/vc_column][\/vc_row][vc_row][vc_column][vc_column_text]<\/p>\n<h2>Charakteristika<\/h2>\n<p>Aufgrund des regionalen Ansatzes ist PEFC kosteneffizient und f\u00fcr s\u00e4mtliche Waldbesitzer, insbesondere die in Europa typischen Familienforstbetriebe, geeignet. Eine \u00dcberpr\u00fcfung durch unabh\u00e4ngige Gutachter gibt Kunden und Marktpartnern die Gew\u00e4hr, dass die W\u00e4lder nach hohen Standards bewirtschaftet werden.<\/p>\n<p>PEFC ist offen f\u00fcr die Anerkennung anderer forstlicher Zertifizierungssysteme in- und au\u00dferhalb Europas, sofern sie ebenfalls glaubw\u00fcrdig, freiwillig und transparent sind und Waldbesitzer nicht diskriminieren[\/vc_column_text][\/vc_column][\/vc_row]<\/p>\n<\/div>","protected":false},"excerpt":{"rendered":"<p>[vc_row][vc_column][vc_column_text] \u00a0Kooperation Sauberes Brennholz [\/vc_column_text][vc_column_text]Qualit\u00e4tszeichen f\u00fcr Betriebe, die nach den Qualit\u00e4tsrichtlinien des BuVBB produzieren. Das Zeichen ist urheberrechtlich streng gesch\u00fctzt![\/vc_column_text][vc_column_text][\/vc_column_text][vc_column_text][\/vc_column_text][\/vc_column][\/vc_row][vc_row][vc_column][vc_column_text] Qualit\u00e4tszeichen des Bundesverbandes [\/vc_column_text][vc_column_text][\/vc_column_text][\/vc_column][\/vc_row][vc_row][vc_column][vc_column_text] PEFC-Zertifikat [\/vc_column_text][vc_column_text][\/vc_column_text][\/vc_column][\/vc_row][vc_row][vc_column][vc_column_text] Ziele Vorrangiges Ziel von PEFC ist die Dokumentation und Verbesserung der nachhaltigen Waldbewirtschaftung im Hinblick auf \u00f6konomische, \u00f6kologische sowie soziale Standards. Ferner bietet PEFC ein hervorragendes Marketinginstrument f\u00fcr den [&hellip;]<\/p>\n","protected":false},"author":1,"featured_media":0,"parent":0,"menu_order":0,"comment_status":"closed","ping_status":"closed","template":"","meta":{"footnotes":""},"class_list":["post-13947","page","type-page","status-publish","hentry"],"_links":{"self":[{"href":"https:\/\/www.brennholz-dorbath.de\/WP2022\/wp-json\/wp\/v2\/pages\/13947","targetHints":{"allow":["GET"]}}],"collection":[{"href":"https:\/\/www.brennholz-dorbath.de\/WP2022\/wp-json\/wp\/v2\/pages"}],"about":[{"href":"https:\/\/www.brennholz-dorbath.de\/WP2022\/wp-json\/wp\/v2\/types\/page"}],"author":[{"embeddable":true,"href":"https:\/\/www.brennholz-dorbath.de\/WP2022\/wp-json\/wp\/v2\/users\/1"}],"replies":[{"embeddable":true,"href":"https:\/\/www.brennholz-dorbath.de\/WP2022\/wp-json\/wp\/v2\/comments?post=13947"}],"version-history":[{"count":8,"href":"https:\/\/www.brennholz-dorbath.de\/WP2022\/wp-json\/wp\/v2\/pages\/13947\/revisions"}],"predecessor-version":[{"id":14319,"href":"https:\/\/www.brennholz-dorbath.de\/WP2022\/wp-json\/wp\/v2\/pages\/13947\/revisions\/14319"}],"wp:attachment":[{"href":"https:\/\/www.brennholz-dorbath.de\/WP2022\/wp-json\/wp\/v2\/media?parent=13947"}],"curies":[{"name":"wp","href":"https:\/\/api.w.org\/{rel}","templated":true}]}}