{"id":13897,"date":"2022-10-30T23:12:58","date_gmt":"2022-10-30T22:12:58","guid":{"rendered":"https:\/\/www.brennholz-dorbath.de\/WP2022\/?page_id=13897"},"modified":"2024-03-04T09:13:07","modified_gmt":"2024-03-04T08:13:07","slug":"bestellung-angebot","status":"publish","type":"page","link":"https:\/\/www.brennholz-dorbath.de\/WP2022\/bestellung-angebot\/","title":{"rendered":"Bestellung, Angebot"},"content":{"rendered":"<div class=\"wpb-content-wrapper\"><p>[vc_row][vc_column][vc_column_text]<\/p>\n<h3>Alle Bestellungen gerne per Telefon unter 09342\/6338.<\/h3>\n<p>[\/vc_column_text][\/vc_column][\/vc_row][vc_row][vc_column][vc_column_text]<\/p>\n<h1>Pellets (ausverkauft)<\/h1>\n<p>[\/vc_column_text][\/vc_column][\/vc_row][vc_row][vc_column][vc_column_text]<\/p>\n<h1>Brennholz<\/h1>\n<p>[\/vc_column_text][vc_column_text]<\/p>\n<ul>\n<li>Formular ausf\u00fcllen<\/li>\n<li>Die gew\u00fcnschten Produkte ausw\u00e4hlen und angeben<\/li>\n<li>Wir schicken Ihnen dann in K\u00fcrze ein Angebot zu!<\/li>\n<\/ul>\n<p>[\/vc_column_text][\/vc_column][\/vc_row][vc_row][vc_column]<noscript class=\"ninja-forms-noscript-message\">\n\tHinweis: F\u00fcr diesen Inhalt ist JavaScript erforderlich.<\/noscript>\n<div id=\"nf-form-3-cont\" class=\"nf-form-cont\" aria-live=\"polite\" aria-labelledby=\"nf-form-title-3\" aria-describedby=\"nf-form-errors-3\" role=\"form\">\n\n    <div class=\"nf-loading-spinner\"><\/div>\n\n<\/div>\n        <!-- That data is being printed as a workaround to page builders reordering the order of the scripts loaded-->\n        <script>var formDisplay=1;var nfForms=nfForms||[];var form=[];form.id='3';form.settings={\"objectType\":\"Form Setting\",\"editActive\":true,\"title\":\"Angebot\",\"created_at\":\"2022-11-01 07:16:34\",\"form_title\":\"Enquiry\",\"default_label_pos\":\"above\",\"show_title\":0,\"clear_complete\":0,\"hide_complete\":1,\"logged_in\":\"0\",\"wrapper_class\":\"\",\"element_class\":\"\",\"key\":\"\",\"add_submit\":\"1\",\"currency\":\"EUR\",\"unique_field_error\":\"A form with this value has already been submitted.\",\"not_logged_in_msg\":\"\",\"sub_limit_msg\":\"The form has reached its submission limit.\",\"calculations\":[],\"formContentData\":[\"vorname_1667283417209\",\"nachname_1667283430465\",\"strasse_nr_1667283469290\",\"plz_ort_1667283494552\",\"telefon_1667283520754\",\"e-mail_1667283563702\",\"e-mail_nochmal_1674150928001\",\"ihre_bestellung_1667283656210\",\"senden_1667283955647\"],\"drawerDisabled\":false,\"allow_public_link\":0,\"embed_form\":\"\",\"changeEmailErrorMsg\":\"Bitte gib eine g\\u00fcltige E-Mail-Adresse ein.\",\"changeDateErrorMsg\":\"Bitte gib ein g\\u00fcltiges Datum ein!\",\"confirmFieldErrorMsg\":\"Die beiden E-Mail Adressen unterscheiden sich. &lt;br&gt;Bitte in beiden Feldern die E-Mail Adressen identisch eintragen.&lt;br&gt;&lt;br&gt;\",\"fieldNumberNumMinError\":\"Die eingegebene Zahl ist zu klein.\",\"fieldNumberNumMaxError\":\"Die eingegebene Zahl ist zu gross.\",\"fieldNumberIncrementBy\":\"Bitte erh\\u00f6hen in Schritten von\",\"formErrorsCorrectErrors\":\"Bitte korrigiere die Fehler, bevor du das Formular sendest.\",\"validateRequiredField\":\"Dies ist ein Pflichtfeld.\",\"honeypotHoneypotError\":\"Honeypot-Fehler\",\"fieldsMarkedRequired\":\"Felder mit einem <span class=\\\"ninja-forms-req-symbol\\\">*<\\\/span> sind Pflichtfelder\",\"form_title_heading_level\":\"3\",\"ninjaForms\":\"Ninja Forms\",\"fieldTextareaRTEInsertLink\":\"Link einf\\u00fcgen\",\"fieldTextareaRTEInsertMedia\":\"Medien einf\\u00fcgen\",\"fieldTextareaRTESelectAFile\":\"Eine Datei ausw\\u00e4hlen\",\"formHoneypot\":\"Falls du ein Mensch bist und dieses Feld siehst, dann lasse es bitte leer.\",\"fileUploadOldCodeFileUploadInProgress\":\"Datei-Upload l\\u00e4uft.\",\"fileUploadOldCodeFileUpload\":\"DATEI-UPLOAD\",\"currencySymbol\":\"&euro;\",\"thousands_sep\":\".\",\"decimal_point\":\",\",\"siteLocale\":\"de_DE\",\"dateFormat\":\"d\\\/m\\\/Y\",\"startOfWeek\":\"1\",\"of\":\"von\",\"previousMonth\":\"Vorheriger Monat\",\"nextMonth\":\"N\\u00e4chster Monat\",\"months\":[\"Januar\",\"Februar\",\"M\\u00e4rz\",\"April\",\"Mai\",\"Juni\",\"Juli\",\"August\",\"September\",\"Oktober\",\"November\",\"Dezember\"],\"monthsShort\":[\"Jan.\",\"Feb.\",\"M\\u00e4rz\",\"Apr.\",\"Mai\",\"Juni\",\"Juli\",\"Aug\",\"Sep.\",\"Okt.\",\"Nov.\",\"Dez.\"],\"weekdays\":[\"Sonntag\",\"Montag\",\"Dienstag\",\"Mittwoch\",\"Donnerstag\",\"Freitag\",\"Samstag\"],\"weekdaysShort\":[\"So.\",\"Mo.\",\"Di.\",\"Mi.\",\"Do.\",\"Fr.\",\"Sa.\"],\"weekdaysMin\":[\"So.\",\"Mo.\",\"Di.\",\"Mi.\",\"Do.\",\"Fr.\",\"Sa.\"],\"recaptchaConsentMissing\":\"reCaptcha validation couldn&#039;t load.\",\"recaptchaMissingCookie\":\"reCaptcha v3 validation couldn&#039;t load the cookie needed to submit the form.\",\"recaptchaConsentEvent\":\"Accept reCaptcha cookies before sending the form.\",\"currency_symbol\":\"&euro;\",\"beforeForm\":\"\",\"beforeFields\":\"\",\"afterFields\":\"\",\"afterForm\":\"\"};form.fields=[{\"objectType\":\"Field\",\"objectDomain\":\"fields\",\"editActive\":false,\"order\":1,\"idAttribute\":\"id\",\"label\":\"Vorname\",\"type\":\"firstname\",\"key\":\"vorname_1667283417209\",\"label_pos\":\"above\",\"required\":1,\"default\":\"\",\"placeholder\":\"\",\"container_class\":\"one-half first\",\"element_class\":\"\",\"admin_label\":\"\",\"help_text\":\"\",\"custom_name_attribute\":\"fname\",\"field_label\":\"First Name\",\"field_key\":\"firstname_1523908368154\",\"personally_identifiable\":1,\"value\":\"\",\"drawerDisabled\":false,\"id\":20,\"beforeField\":\"\",\"afterField\":\"\",\"parentType\":\"firstname\",\"element_templates\":[\"firstname\",\"input\"],\"old_classname\":\"\",\"wrap_template\":\"wrap\"},{\"objectType\":\"Field\",\"objectDomain\":\"fields\",\"editActive\":false,\"order\":2,\"idAttribute\":\"id\",\"label\":\"Nachname\",\"type\":\"lastname\",\"key\":\"nachname_1667283430465\",\"label_pos\":\"above\",\"required\":1,\"default\":\"\",\"placeholder\":\"\",\"container_class\":\"one-half second\",\"element_class\":\"\",\"admin_label\":\"\",\"help_text\":\"\",\"custom_name_attribute\":\"lname\",\"drawerDisabled\":false,\"field_label\":\"Last Name\",\"field_key\":\"lastname_1523908369534\",\"personally_identifiable\":1,\"value\":\"\",\"id\":21,\"beforeField\":\"\",\"afterField\":\"\",\"parentType\":\"lastname\",\"element_templates\":[\"lastname\",\"input\"],\"old_classname\":\"\",\"wrap_template\":\"wrap\"},{\"objectType\":\"Field\",\"objectDomain\":\"fields\",\"editActive\":false,\"order\":3,\"idAttribute\":\"id\",\"label\":\"\\ufeffStra\\u00dfe + Nr.\",\"type\":\"address\",\"key\":\"strasse_nr_1667283469290\",\"label_pos\":\"above\",\"required\":1,\"default\":\"\",\"placeholder\":\"\",\"container_class\":\"\",\"element_class\":\"\",\"input_limit\":\"\",\"input_limit_type\":\"characters\",\"input_limit_msg\":\"verbleibende(s) Zeichen\",\"manual_key\":false,\"admin_label\":\"\",\"help_text\":\"\",\"mask\":\"\",\"custom_mask\":\"\",\"custom_name_attribute\":\"address\",\"personally_identifiable\":1,\"value\":\"\",\"drawerDisabled\":false,\"id\":30,\"beforeField\":\"\",\"afterField\":\"\",\"parentType\":\"address\",\"element_templates\":[\"address\",\"textbox\",\"input\"],\"old_classname\":\"\",\"wrap_template\":\"wrap\"},{\"objectType\":\"Field\",\"objectDomain\":\"fields\",\"editActive\":false,\"order\":4,\"idAttribute\":\"id\",\"label\":\"PLZ \\\/ Ort\",\"type\":\"zip\",\"key\":\"plz_ort_1667283494552\",\"label_pos\":\"above\",\"required\":1,\"default\":\"\",\"placeholder\":\"\",\"container_class\":\"\",\"element_class\":\"\",\"input_limit\":\"\",\"input_limit_type\":\"characters\",\"input_limit_msg\":\"verbleibende(s) Zeichen\",\"manual_key\":false,\"admin_label\":\"\",\"help_text\":\"\",\"mask\":\"\",\"custom_mask\":\"\",\"custom_name_attribute\":\"zip\",\"personally_identifiable\":\"\",\"value\":\"\",\"drawerDisabled\":false,\"id\":31,\"beforeField\":\"\",\"afterField\":\"\",\"parentType\":\"zip\",\"element_templates\":[\"zip\",\"textbox\",\"input\",\"textbox\",\"input\"],\"old_classname\":\"\",\"wrap_template\":\"wrap\"},{\"objectType\":\"Field\",\"objectDomain\":\"fields\",\"editActive\":false,\"order\":5,\"idAttribute\":\"id\",\"label\":\"Telefon\",\"type\":\"phone\",\"key\":\"telefon_1667283520754\",\"label_pos\":\"above\",\"required\":1,\"default\":\"\",\"placeholder\":\"\",\"container_class\":\"\",\"element_class\":\"\",\"input_limit\":\"\",\"input_limit_type\":\"characters\",\"input_limit_msg\":\"Character(s) left\",\"manual_key\":\"\",\"admin_label\":\"\",\"help_text\":\"\",\"mask\":\"\",\"custom_mask\":\"\",\"custom_name_attribute\":\"phone\",\"field_label\":\"Phone\",\"field_key\":\"phone_1523908588264\",\"personally_identifiable\":1,\"value\":\"\",\"drawerDisabled\":false,\"id\":23,\"beforeField\":\"\",\"afterField\":\"\",\"parentType\":\"textbox\",\"element_templates\":[\"tel\",\"textbox\",\"input\"],\"old_classname\":\"\",\"wrap_template\":\"wrap\"},{\"objectType\":\"Field\",\"objectDomain\":\"fields\",\"editActive\":false,\"order\":6,\"idAttribute\":\"id\",\"label\":\"E-Mail\",\"type\":\"email\",\"key\":\"e-mail_1667283563702\",\"label_pos\":\"above\",\"required\":1,\"default\":\"\",\"placeholder\":\"\",\"container_class\":\"\",\"element_class\":\"\",\"admin_label\":\"\",\"help_text\":\"\",\"custom_name_attribute\":\"email\",\"field_label\":\"Email\",\"field_key\":\"email_1523908522614\",\"personally_identifiable\":1,\"value\":\"\",\"drawerDisabled\":false,\"id\":22,\"beforeField\":\"\",\"afterField\":\"\",\"parentType\":\"email\",\"element_templates\":[\"email\",\"input\"],\"old_classname\":\"\",\"wrap_template\":\"wrap\"},{\"objectType\":\"Field\",\"objectDomain\":\"fields\",\"editActive\":false,\"order\":7,\"idAttribute\":\"id\",\"label\":\"E-Mail nochmal\",\"type\":\"confirm\",\"key\":\"e-mail_nochmal_1674150928001\",\"label_pos\":\"above\",\"required\":1,\"default\":\"\",\"placeholder\":\"\",\"container_class\":\"\",\"element_class\":\"\",\"input_limit\":\"\",\"input_limit_type\":\"characters\",\"input_limit_msg\":\"verbleibende(s) Zeichen\",\"manual_key\":false,\"admin_label\":\"\",\"help_text\":\"\",\"desc_text\":\"<p>Bitte hier die E-Mail identisch eintragen wie im Feld \\\"E-Mail\\\".&nbsp;<\\\/p>\",\"confirm_field\":\"e-mail_1667283563702\",\"value\":\"\",\"drawerDisabled\":false,\"id\":36,\"beforeField\":\"\",\"afterField\":\"\",\"parentType\":\"confirm\",\"element_templates\":[\"input\"],\"old_classname\":\"\",\"wrap_template\":\"wrap\"},{\"objectType\":\"Field\",\"objectDomain\":\"fields\",\"editActive\":false,\"order\":9,\"idAttribute\":\"id\",\"label\":\"Ihre Bestellung\",\"type\":\"textarea\",\"key\":\"ihre_bestellung_1667283656210\",\"label_pos\":\"above\",\"required\":1,\"default\":\"\",\"placeholder\":\"z.B.\\n10srm x Scheitholz Buche 20cm\\n20srm x Scheitholz Buche 25cm grob\",\"container_class\":\"\",\"element_class\":\"\",\"input_limit\":\"\",\"input_limit_type\":\"characters\",\"input_limit_msg\":\"Character(s) left\",\"manual_key\":\"\",\"admin_label\":\"\",\"help_text\":\"\",\"textarea_rte\":0,\"disable_rte_mobile\":\"\",\"textarea_media\":\"\",\"field_label\":\"Details\",\"field_key\":\"details_1523908537286\",\"desc_text\":\"<p><br><\\\/p>\",\"value\":\"\",\"drawerDisabled\":false,\"id\":26,\"beforeField\":\"\",\"afterField\":\"\",\"parentType\":\"textarea\",\"element_templates\":[\"textarea\",\"input\"],\"old_classname\":\"\",\"wrap_template\":\"wrap\"},{\"objectType\":\"Field\",\"objectDomain\":\"fields\",\"editActive\":false,\"order\":10,\"idAttribute\":\"id\",\"type\":\"submit\",\"label\":\"Senden\",\"processing_label\":\"wird gesendet\",\"container_class\":\"\",\"element_class\":\"\",\"key\":\"senden_1667283955647\",\"field_label\":\"Submit\",\"field_key\":\"submit_1523908548082\",\"drawerDisabled\":false,\"id\":29,\"beforeField\":\"\",\"afterField\":\"\",\"value\":\"\",\"label_pos\":\"above\",\"parentType\":\"textbox\",\"element_templates\":[\"submit\",\"button\",\"input\"],\"old_classname\":\"\",\"wrap_template\":\"wrap-no-label\"}];nfForms.push(form);<\/script>\n        [\/vc_column][\/vc_row][vc_row][vc_column][vc_column_text]<\/p>\n<h3>Folgende Produkte k\u00f6nnen Sie bei uns bestellen<\/h3>\n<p><b>Scheitholz Bu\/Es\/Ah in srm (Sch\u00fcttraummeter)<\/b><br \/>\nScheitholz\u00a0 20cm<br \/>\nScheitholz\u00a0 25cm fein<br \/>\nScheitholz\u00a0 25cm grob<br \/>\nScheitholz\u00a0 33cm<br \/>\nScheitholz\u00a0 50cm<\/p>\n<hr \/>\n<p><b>Scheitholz Ei\/Ki in srm (Sch\u00fcttraummeter)<\/b><br \/>\nScheitholz\u00a0 20cm<br \/>\nScheitholz\u00a0 25cm fein<br \/>\nScheitholz\u00a0 25cm grob<br \/>\nScheitholz\u00a0 33cm<br \/>\nScheitholz\u00a0 50cm<\/p>\n<hr \/>\n<p><b>Knisterbox<\/b><br \/>\nKnisterbox Einsteiger<br \/>\nKnisterbox Romantik<\/p>\n<hr \/>\n<p><b>Biologische Anz\u00fcnder<\/b><br \/>\nPackungsinhalt: 50 Stck. \/ Packung<\/p>\n<hr \/>\n<p><b>Anfeuerholz aus Nadelholz<\/b>\u00a0\/ Sack<\/p>\n<hr \/>\n<p><b>Finnenfackeln gro\u00df \/ klein<\/b><\/p>\n<hr \/>\n<p><b>Hackklotz<\/b><\/p>\n<hr \/>\n<p><b>Walderde in m\u00b3<\/b><\/p>\n<hr \/>\n<p>[\/vc_column_text][\/vc_column][\/vc_row]<\/p>\n<\/div>","protected":false},"excerpt":{"rendered":"<p>[vc_row][vc_column][vc_column_text] Alle Bestellungen gerne per Telefon unter 09342\/6338. [\/vc_column_text][\/vc_column][\/vc_row][vc_row][vc_column][vc_column_text] Pellets (ausverkauft) [\/vc_column_text][\/vc_column][\/vc_row][vc_row][vc_column][vc_column_text] Brennholz [\/vc_column_text][vc_column_text] Formular ausf\u00fcllen Die gew\u00fcnschten Produkte ausw\u00e4hlen und angeben Wir schicken Ihnen dann in K\u00fcrze ein Angebot zu! [\/vc_column_text][\/vc_column][\/vc_row][vc_row][vc_column][\/vc_column][\/vc_row][vc_row][vc_column][vc_column_text] Folgende Produkte k\u00f6nnen Sie bei uns bestellen Scheitholz Bu\/Es\/Ah in srm (Sch\u00fcttraummeter) Scheitholz\u00a0 20cm Scheitholz\u00a0 25cm fein Scheitholz\u00a0 25cm grob Scheitholz\u00a0 33cm Scheitholz\u00a0 [&hellip;]<\/p>\n","protected":false},"author":1,"featured_media":0,"parent":0,"menu_order":0,"comment_status":"closed","ping_status":"closed","template":"","meta":{"footnotes":""},"class_list":["post-13897","page","type-page","status-publish","hentry"],"_links":{"self":[{"href":"https:\/\/www.brennholz-dorbath.de\/WP2022\/wp-json\/wp\/v2\/pages\/13897","targetHints":{"allow":["GET"]}}],"collection":[{"href":"https:\/\/www.brennholz-dorbath.de\/WP2022\/wp-json\/wp\/v2\/pages"}],"about":[{"href":"https:\/\/www.brennholz-dorbath.de\/WP2022\/wp-json\/wp\/v2\/types\/page"}],"author":[{"embeddable":true,"href":"https:\/\/www.brennholz-dorbath.de\/WP2022\/wp-json\/wp\/v2\/users\/1"}],"replies":[{"embeddable":true,"href":"https:\/\/www.brennholz-dorbath.de\/WP2022\/wp-json\/wp\/v2\/comments?post=13897"}],"version-history":[{"count":10,"href":"https:\/\/www.brennholz-dorbath.de\/WP2022\/wp-json\/wp\/v2\/pages\/13897\/revisions"}],"predecessor-version":[{"id":14321,"href":"https:\/\/www.brennholz-dorbath.de\/WP2022\/wp-json\/wp\/v2\/pages\/13897\/revisions\/14321"}],"wp:attachment":[{"href":"https:\/\/www.brennholz-dorbath.de\/WP2022\/wp-json\/wp\/v2\/media?parent=13897"}],"curies":[{"name":"wp","href":"https:\/\/api.w.org\/{rel}","templated":true}]}}