{"id":13766,"date":"2022-10-30T11:41:21","date_gmt":"2022-10-30T10:41:21","guid":{"rendered":"https:\/\/www.brennholz-dorbath.de\/WP2022\/?page_id=13766"},"modified":"2026-03-31T16:20:53","modified_gmt":"2026-03-31T14:20:53","slug":"13766-2","status":"publish","type":"page","link":"https:\/\/www.brennholz-dorbath.de\/WP2022\/","title":{"rendered":"Home"},"content":{"rendered":"<div class=\"wpb-content-wrapper\"><p>[vc_row][vc_column][vc_column_text css=&#8220;&#8220;][\/vc_column_text][vc_empty_space height=&#8220;50px&#8220;][\/vc_column][\/vc_row][vc_row][vc_column][vc_column_text css=&#8220;&#8220;]<a href=\"https:\/\/www.brennholz-dorbath.de\/WP2022\/wp-content\/uploads\/2026\/03\/FruehjahrsAktion26-k.jpg\"><img loading=\"lazy\" decoding=\"async\" class=\"aligncenter wp-image-14466 size-full\" src=\"https:\/\/www.brennholz-dorbath.de\/WP2022\/wp-content\/uploads\/2026\/03\/FruehjahrsAktion26-k.jpg\" alt=\"\" width=\"2048\" height=\"1306\" srcset=\"https:\/\/www.brennholz-dorbath.de\/WP2022\/wp-content\/uploads\/2026\/03\/FruehjahrsAktion26-k.jpg 2048w, https:\/\/www.brennholz-dorbath.de\/WP2022\/wp-content\/uploads\/2026\/03\/FruehjahrsAktion26-k-300x191.jpg 300w, https:\/\/www.brennholz-dorbath.de\/WP2022\/wp-content\/uploads\/2026\/03\/FruehjahrsAktion26-k-1024x653.jpg 1024w, https:\/\/www.brennholz-dorbath.de\/WP2022\/wp-content\/uploads\/2026\/03\/FruehjahrsAktion26-k-768x490.jpg 768w, https:\/\/www.brennholz-dorbath.de\/WP2022\/wp-content\/uploads\/2026\/03\/FruehjahrsAktion26-k-1536x980.jpg 1536w\" sizes=\"auto, (max-width: 2048px) 100vw, 2048px\" \/><\/a>[\/vc_column_text][\/vc_column][\/vc_row][vc_row][vc_column][vc_column_text css=&#8220;&#8220;]<strong><span style=\"font-size: 18pt; color: #ff0000;\">Fr\u00fchjahrsaktion!!\u00a0 \u00a0<span style=\"font-size: 24pt;\">Schnell zugreifen!<\/span><\/span><\/strong><\/p>\n<p><strong><span style=\"font-size: 18pt; color: #ff0000;\">Frisches Brennholz &#8211; Hartholz<\/span><\/strong><\/p>\n<p><strong><span style=\"color: #ff0000; font-size: 18pt;\">ges\u00e4gt und gespalten ab 80,00 \u20ac\/ je srm (Sch\u00fcttraummeter)<\/span><\/strong><\/p>\n<p>nur solange Vorrat reicht!<\/p>\n<p><span style=\"color: #ff0000;\"><strong><span style=\"font-size: 24pt;\"><span style=\"color: #000000;\">Nadelholz trocken<\/span>\u00a0 <span style=\"color: #000000;\">ab 70,00 \u20ac \/je srm<\/span><\/span><\/strong><\/span><\/p>\n<p><strong>nur solange Vorrat reicht<\/strong><\/p>\n<p>&nbsp;<\/p>\n<h3><a href=\"https:\/\/www.brennholz-dorbath.de\/WP2022\/aktionen\/\"><span style=\"font-size: 24pt;\">&#8211;&gt; Aktion ansehen<\/span><\/a><\/h3>\n<p>[\/vc_column_text][\/vc_column][\/vc_row][vc_row][vc_column][vc_column_text]<img loading=\"lazy\" decoding=\"async\" class=\"size-full wp-image-24 aligncenter\" src=\"https:\/\/www.brennholz-dorbath.de\/WP2022\/wp-content\/uploads\/2022\/10\/logol.png\" alt=\"\" width=\"543\" height=\"140\" srcset=\"https:\/\/www.brennholz-dorbath.de\/WP2022\/wp-content\/uploads\/2022\/10\/logol.png 543w, https:\/\/www.brennholz-dorbath.de\/WP2022\/wp-content\/uploads\/2022\/10\/logol-300x77.png 300w\" sizes=\"auto, (max-width: 543px) 100vw, 543px\" \/>[\/vc_column_text][vc_column_text css=&#8220;&#8220;]<\/p>\n<h2 style=\"text-align: center;\"><strong>Bei uns steht der Kunde, die Umwelt, die Qualit\u00e4t und faire Brennholzpreise im Mittelpunkt<\/strong><\/h2>\n<p>[\/vc_column_text][vc_column_text css=&#8220;&#8220;]<\/p>\n<ul>\n<li><strong>Unser Familienbetrieb\u00a0<\/strong>besteht seit 4 Generationen, das bedeutet , ca. 100 Jahre Erfahrung im Forst und mit Holz.<strong><br \/>\n<\/strong><\/li>\n<\/ul>\n<ul>\n<li>Seit 1988 produzieren und seit 1989 verkaufen wir Brennholz. Unsere Qualit\u00e4t bestimmen wir somit selbst.<\/li>\n<\/ul>\n<ul>\n<li>Durch unsere langj\u00e4hrige Erfahrung garantieren wir eine herausragende Brennholzqualit\u00e4t.<\/li>\n<\/ul>\n<ul>\n<li>Aufgrund der wachsenden Nachfrage haben wir unseren Betrieb stetig vergr\u00f6\u00dfert und modernisiert. Er geh\u00f6rt heute zu einem der modernsten Brennholzbetriebe in S\u00fcddeutschland.<\/li>\n<\/ul>\n<ul>\n<li><strong>Brennholz ist eben nicht gleich Brennholz!<\/strong>\u00a0Qualit\u00e4t, Service und Preis zusammen, ergeben erst die Voraussetzung f\u00fcr ein faires Produkt.<\/li>\n<\/ul>\n<p>[\/vc_column_text][\/vc_column][\/vc_row][vc_row][vc_column][\/vc_column][\/vc_row][vc_row][vc_column]\n\t\t\t<!-- START Slider9 1 REVOLUTION SLIDER 6.7.35 --><p class=\"rs-p-wp-fix\"><\/p>\n\t\t\t<rs-module-wrap id=\"rev_slider_11_1_wrapper\" data-source=\"gallery\" style=\"visibility:hidden;background:#E9E9E9;padding:0;margin:0px auto;margin-top:0;margin-bottom:0;\">\n\t\t\t\t<rs-module id=\"rev_slider_11_1\" style=\"\" data-version=\"6.7.35\">\n\t\t\t\t\t<rs-slides style=\"overflow: hidden; position: absolute;\">\n\t\t\t\t\t\t<rs-slide style=\"position: absolute;\" data-key=\"rs-39\" data-title=\"Slide\" data-thumb=\"\/\/www.brennholz-dorbath.de\/WP2022\/wp-content\/uploads\/2024\/07\/Brennholz-LKW-k2-100x50.jpeg\" data-in=\"o:0;\" data-out=\"a:false;\">\n\t\t\t\t\t\t\t<img decoding=\"async\" src=\"\/\/www.brennholz-dorbath.de\/WP2022\/wp-content\/plugins\/revslider\/sr6\/assets\/assets\/dummy.png\" alt=\"\" title=\"Brennholz-LKW-k2\" width=\"1080\" height=\"810\" class=\"rev-slidebg tp-rs-img rs-lazyload\" data-lazyload=\"\/\/www.brennholz-dorbath.de\/WP2022\/wp-content\/uploads\/2024\/07\/Brennholz-LKW-k2.jpeg\" data-bg=\"f:100% 100%;\" data-no-retina>\n<!---->\t\t\t\t\t<\/rs-slide>\n\t\t\t\t\t\t<rs-slide style=\"position: absolute;\" data-key=\"rs-38\" data-title=\"Solar\" data-thumb=\"\/\/www.brennholz-dorbath.de\/WP2022\/wp-content\/uploads\/2024\/02\/Solar-100x50.jpg\" data-in=\"prst:rndany;\" data-out=\"x:100%;\">\n\t\t\t\t\t\t\t<img decoding=\"async\" src=\"\/\/www.brennholz-dorbath.de\/WP2022\/wp-content\/plugins\/revslider\/sr6\/assets\/assets\/dummy.png\" alt=\"\" title=\"Solar\" width=\"810\" height=\"540\" class=\"rev-slidebg tp-rs-img rs-lazyload\" data-lazyload=\"\/\/www.brennholz-dorbath.de\/WP2022\/wp-content\/uploads\/2024\/02\/Solar.jpg\" data-bg=\"p:center top;f:contain;\" data-no-retina>\n<!--\n\t\t\t\t\t\t\t--><rs-layer\n\t\t\t\t\t\t\t\tid=\"slider-11-slide-38-layer-5\" \n\t\t\t\t\t\t\t\tdata-type=\"text\"\n\t\t\t\t\t\t\t\tdata-color=\"#f1f1d5\"\n\t\t\t\t\t\t\t\tdata-rsp_ch=\"on\"\n\t\t\t\t\t\t\t\tdata-xy=\"x:29px;y:10px;\"\n\t\t\t\t\t\t\t\tdata-text=\"w:normal;s:40;l:63;fw:900;\"\n\t\t\t\t\t\t\t\tdata-dim=\"w:809px;minh:0;\"\n\t\t\t\t\t\t\t\tdata-frame_0=\"x:100%;\"\n\t\t\t\t\t\t\t\tdata-frame_0_mask=\"u:t;\"\n\t\t\t\t\t\t\t\tdata-frame_1=\"st:750;sp:1000;\"\n\t\t\t\t\t\t\t\tdata-frame_1_mask=\"u:t;\"\n\t\t\t\t\t\t\t\tdata-frame_999=\"o:0;st:w;sp:500;sR:7950;\"\n\t\t\t\t\t\t\t\tstyle=\"z-index:6;font-family:'Verdana', 'Geneva', 'sans-serif';text-transform:uppercase;\"\n\t\t\t\t\t\t\t>Neue PV-Anlage auf dem Dach<br \/>\nverringert die  CO\u2082  Emissionen  \n\t\t\t\t\t\t\t<\/rs-layer><!--\n-->\t\t\t\t\t<\/rs-slide>\n\t\t\t\t\t\t<rs-slide style=\"position: absolute;\" data-key=\"rs-31\" data-title=\"Slide\" data-thumb=\"\/\/www.brennholz-dorbath.de\/WP2022\/wp-content\/uploads\/2022\/10\/Slider1-100x50.jpg\" data-anim=\"e:slidingoverlay;ms:2000;\" data-in=\"prst:rndany;x:-100%;\">\n\t\t\t\t\t\t\t<img decoding=\"async\" src=\"\/\/www.brennholz-dorbath.de\/WP2022\/wp-content\/plugins\/revslider\/sr6\/assets\/assets\/dummy.png\" alt=\"\" title=\"Slider1\" width=\"900\" height=\"506\" class=\"rev-slidebg tp-rs-img rs-lazyload\" data-lazyload=\"\/\/www.brennholz-dorbath.de\/WP2022\/wp-content\/uploads\/2022\/10\/Slider1.jpg\" data-bg=\"p:center top;f:contain;\" data-no-retina>\n<!--\n\t\t\t\t\t\t\t--><rs-layer\n\t\t\t\t\t\t\t\tid=\"slider-11-slide-31-layer-5\" \n\t\t\t\t\t\t\t\tdata-type=\"text\"\n\t\t\t\t\t\t\t\tdata-color=\"#f1f1d5\"\n\t\t\t\t\t\t\t\tdata-rsp_ch=\"on\"\n\t\t\t\t\t\t\t\tdata-xy=\"y:29px;\"\n\t\t\t\t\t\t\t\tdata-text=\"w:normal;s:50;l:63;fw:900;a:center;\"\n\t\t\t\t\t\t\t\tdata-dim=\"w:873px;minh:0;\"\n\t\t\t\t\t\t\t\tdata-frame_0=\"x:100%;\"\n\t\t\t\t\t\t\t\tdata-frame_0_mask=\"u:t;\"\n\t\t\t\t\t\t\t\tdata-frame_1=\"st:750;sp:1000;\"\n\t\t\t\t\t\t\t\tdata-frame_1_mask=\"u:t;\"\n\t\t\t\t\t\t\t\tdata-frame_999=\"o:0;st:w;sp:500;sR:7950;\"\n\t\t\t\t\t\t\t\tstyle=\"z-index:6;font-family:'Verdana', 'Geneva', 'sans-serif';text-transform:uppercase;\"\n\t\t\t\t\t\t\t>Wir liefern gerne bis zu ihnen nach Hause \n\t\t\t\t\t\t\t<\/rs-layer><!--\n-->\t\t\t\t\t<\/rs-slide>\n\t\t\t\t\t\t<rs-slide style=\"position: absolute;\" data-key=\"rs-34\" data-title=\"Slide\" data-thumb=\"\/\/www.brennholz-dorbath.de\/WP2022\/wp-content\/uploads\/2022\/10\/Sleider2-100x50.jpg\" data-in=\"o:0;\" data-out=\"a:false;\">\n\t\t\t\t\t\t\t<img decoding=\"async\" src=\"\/\/www.brennholz-dorbath.de\/WP2022\/wp-content\/plugins\/revslider\/sr6\/assets\/assets\/dummy.png\" alt=\"\" title=\"Home\" class=\"rev-slidebg tp-rs-img rs-lazyload\" data-lazyload=\"\/\/www.brennholz-dorbath.de\/WP2022\/wp-content\/uploads\/2022\/10\/Sleider2.jpg\" data-bg=\"f:contain;\" data-no-retina>\n<!---->\t\t\t\t\t<\/rs-slide>\n\t\t\t\t\t\t<rs-slide style=\"position: absolute;\" data-key=\"rs-35\" data-title=\"Slide\" data-thumb=\"\/\/www.brennholz-dorbath.de\/WP2022\/wp-content\/uploads\/2022\/10\/Slider3-100x50.jpg\" data-in=\"o:0;\" data-out=\"a:false;\">\n\t\t\t\t\t\t\t<img decoding=\"async\" src=\"\/\/www.brennholz-dorbath.de\/WP2022\/wp-content\/plugins\/revslider\/sr6\/assets\/assets\/dummy.png\" alt=\"\" title=\"Home\" class=\"rev-slidebg tp-rs-img rs-lazyload\" data-lazyload=\"\/\/www.brennholz-dorbath.de\/WP2022\/wp-content\/uploads\/2022\/10\/Slider3.jpg\" data-bg=\"f:contain;\" data-no-retina>\n<!---->\t\t\t\t\t<\/rs-slide>\n\t\t\t\t\t\t<rs-slide style=\"position: absolute;\" data-key=\"rs-36\" data-title=\"Slide\" data-thumb=\"\/\/www.brennholz-dorbath.de\/WP2022\/wp-content\/uploads\/2022\/10\/Slider4-100x50.jpg\" data-in=\"o:0;\" data-out=\"a:false;\">\n\t\t\t\t\t\t\t<img decoding=\"async\" src=\"\/\/www.brennholz-dorbath.de\/WP2022\/wp-content\/plugins\/revslider\/sr6\/assets\/assets\/dummy.png\" alt=\"\" title=\"Home\" class=\"rev-slidebg tp-rs-img rs-lazyload\" data-lazyload=\"\/\/www.brennholz-dorbath.de\/WP2022\/wp-content\/uploads\/2022\/10\/Slider4.jpg\" data-bg=\"f:contain;\" data-no-retina>\n<!---->\t\t\t\t\t<\/rs-slide>\n\t\t\t\t\t<\/rs-slides>\n\t\t\t\t<\/rs-module>\n\t\t\t\t<script>\n\t\t\t\t\tsetREVStartSize({c: 'rev_slider_11_1',rl:[1240,1024,778,480],el:[540],gw:[870],gh:[540],type:'standard',justify:'',layout:'fullwidth',mh:\"540\"});if (window.RS_MODULES!==undefined && window.RS_MODULES.modules!==undefined && window.RS_MODULES.modules[\"revslider111\"]!==undefined) {window.RS_MODULES.modules[\"revslider111\"].once = false;window.revapi11 = undefined;if (window.RS_MODULES.checkMinimal!==undefined) window.RS_MODULES.checkMinimal()}\n\t\t\t\t<\/script>\n\t\t\t<\/rs-module-wrap>\n\t\t\t<!-- END REVOLUTION SLIDER -->\n[\/vc_column][\/vc_row][vc_row][vc_column][vc_column_text]<\/p>\n<h2 style=\"text-align: center;\">\u00a0<strong>Genie\u00dfen Sie mit unserem Holz die gem\u00fctliche W\u00e4rme am Kamin!<\/strong><\/h2>\n<p>[\/vc_column_text][\/vc_column][\/vc_row][vc_row][vc_column][vc_empty_space height=&#8220;52px&#8220;][vc_column_text]<\/p>\n<p style=\"text-align: center;\"><strong><span style=\"font-size: 18pt;\">Qualit\u00e4tszeichen f\u00fcr Brennholzbetriebe<\/span><\/strong><\/p>\n<p style=\"text-align: center;\"><strong><span style=\"font-size: 18pt;\">Das Zeichen ist urheberrechtlich streng gesch\u00fctzt, ausgegeben vom BuVBB und HKI<\/span><\/strong><\/p>\n<p><img loading=\"lazy\" decoding=\"async\" class=\"aligncenter size-full wp-image-14230\" src=\"https:\/\/www.brennholz-dorbath.de\/WP2022\/wp-content\/uploads\/2023\/06\/BBB_Logo_KSH_HKI_rgb.gif\" alt=\"\" width=\"343\" height=\"500\" \/>[\/vc_column_text][\/vc_column][\/vc_row]<\/p>\n<\/div>","protected":false},"excerpt":{"rendered":"<p>[vc_row][vc_column][vc_column_text css=&#8220;&#8220;][\/vc_column_text][vc_empty_space height=&#8220;50px&#8220;][\/vc_column][\/vc_row][vc_row][vc_column][vc_column_text css=&#8220;&#8220;][\/vc_column_text][\/vc_column][\/vc_row][vc_row][vc_column][vc_column_text css=&#8220;&#8220;]Fr\u00fchjahrsaktion!!\u00a0 \u00a0Schnell zugreifen! Frisches Brennholz &#8211; Hartholz ges\u00e4gt und gespalten ab 80,00 \u20ac\/ je srm (Sch\u00fcttraummeter) nur solange Vorrat reicht! Nadelholz trocken\u00a0 ab 70,00 \u20ac \/je srm nur solange Vorrat reicht &nbsp; &#8211;&gt; Aktion ansehen [\/vc_column_text][\/vc_column][\/vc_row][vc_row][vc_column][vc_column_text][\/vc_column_text][vc_column_text css=&#8220;&#8220;] Bei uns steht der Kunde, die Umwelt, die Qualit\u00e4t und faire Brennholzpreise im Mittelpunkt [&hellip;]<\/p>\n","protected":false},"author":1,"featured_media":0,"parent":0,"menu_order":0,"comment_status":"closed","ping_status":"closed","template":"","meta":{"footnotes":""},"class_list":["post-13766","page","type-page","status-publish","hentry"],"_links":{"self":[{"href":"https:\/\/www.brennholz-dorbath.de\/WP2022\/wp-json\/wp\/v2\/pages\/13766","targetHints":{"allow":["GET"]}}],"collection":[{"href":"https:\/\/www.brennholz-dorbath.de\/WP2022\/wp-json\/wp\/v2\/pages"}],"about":[{"href":"https:\/\/www.brennholz-dorbath.de\/WP2022\/wp-json\/wp\/v2\/types\/page"}],"author":[{"embeddable":true,"href":"https:\/\/www.brennholz-dorbath.de\/WP2022\/wp-json\/wp\/v2\/users\/1"}],"replies":[{"embeddable":true,"href":"https:\/\/www.brennholz-dorbath.de\/WP2022\/wp-json\/wp\/v2\/comments?post=13766"}],"version-history":[{"count":11,"href":"https:\/\/www.brennholz-dorbath.de\/WP2022\/wp-json\/wp\/v2\/pages\/13766\/revisions"}],"predecessor-version":[{"id":14467,"href":"https:\/\/www.brennholz-dorbath.de\/WP2022\/wp-json\/wp\/v2\/pages\/13766\/revisions\/14467"}],"wp:attachment":[{"href":"https:\/\/www.brennholz-dorbath.de\/WP2022\/wp-json\/wp\/v2\/media?parent=13766"}],"curies":[{"name":"wp","href":"https:\/\/api.w.org\/{rel}","templated":true}]}}